{"id":9470,"date":"2022-06-14T10:31:51","date_gmt":"2022-06-14T10:31:51","guid":{"rendered":"https:\/\/turkeylabiaplasty.com\/was-ist-eine-schamlippenverkleinerung\/"},"modified":"2025-03-06T07:43:55","modified_gmt":"2025-03-06T07:43:55","slug":"was-ist-eine-schamlippenverkleinerung","status":"publish","type":"page","link":"https:\/\/turkeylabiaplasty.com\/de\/was-ist-eine-schamlippenverkleinerung\/","title":{"rendered":"Was ist Labiasty?"},"content":{"rendered":"\t\t<div data-elementor-type=\"wp-post\" data-elementor-id=\"9470\" class=\"elementor elementor-9470 elementor-7656\" data-elementor-post-type=\"page\">\n\t\t\t\t\t\t<section class=\"elementor-section elementor-top-section elementor-element elementor-element-599d25c elementor-section-boxed elementor-section-height-default elementor-section-height-default\" data-id=\"599d25c\" data-element_type=\"section\">\n\t\t\t\t\t\t\t<div class=\"elementor-background-overlay\"><\/div>\n\t\t\t\t\t\t\t<div class=\"elementor-container elementor-column-gap-default\">\n\t\t\t\t\t<div class=\"elementor-column elementor-col-66 elementor-top-column elementor-element elementor-element-cbad41f\" data-id=\"cbad41f\" data-element_type=\"column\">\n\t\t\t<div class=\"elementor-widget-wrap elementor-element-populated\">\n\t\t\t\t\t\t<div class=\"elementor-element elementor-element-c3c50aa elementor-widget elementor-widget-text-editor\" data-id=\"c3c50aa\" data-element_type=\"widget\" data-widget_type=\"text-editor.default\">\n\t\t\t\t<div class=\"elementor-widget-container\">\n\t\t\t<style>\/*! elementor - v3.22.0 - 26-06-2024 *\/\n.elementor-widget-text-editor.elementor-drop-cap-view-stacked .elementor-drop-cap{background-color:#69727d;color:#fff}.elementor-widget-text-editor.elementor-drop-cap-view-framed .elementor-drop-cap{color:#69727d;border:3px solid;background-color:transparent}.elementor-widget-text-editor:not(.elementor-drop-cap-view-default) .elementor-drop-cap{margin-top:8px}.elementor-widget-text-editor:not(.elementor-drop-cap-view-default) .elementor-drop-cap-letter{width:1em;height:1em}.elementor-widget-text-editor .elementor-drop-cap{float:left;text-align:center;line-height:1;font-size:50px}.elementor-widget-text-editor .elementor-drop-cap-letter{display:inline-block}<\/style>\t\t\t\t<h2 data-pm-slice=\"1 1 []\">Was ist eine Schamlippenverkleinerung<\/h2>\n<p>Die Schamlippenplastik ist ein chirurgischer Eingriff, bei dem die kleinen Schamlippen (die inneren Falten der Vulva) oder in einigen F\u00e4llen die gro\u00dfen Schamlippen (die \u00e4u\u00dferen Falten) neu geformt oder verkleinert werden. Es handelt sich um einen der h\u00e4ufigsten Eingriffe in der kosmetischen Gyn\u00e4kologie, der sowohl aus funktionellen als auch aus \u00e4sthetischen Gr\u00fcnden durchgef\u00fchrt wird. Sie wird zwar h\u00e4ufig mit der Versch\u00f6nerung des Genitalbereichs in Verbindung gebracht, doch kann die Schamlippenkorrektur auch k\u00f6rperliche Beschwerden lindern und die Lebensqualit\u00e4t verbessern.  <\/p>\n<h2>Warum erw\u00e4gen Frauen eine Schamlippenkorrektur?<\/h2>\n<p>Es gibt mehrere Gr\u00fcnde, warum Frauen eine Schamlippenkorrektur vornehmen lassen, unter anderem:<\/p>\n<ul data-spread=\"false\">\n<li>\n<p><strong>K\u00f6rperliches Unbehagen:<\/strong> Vergr\u00f6\u00dferte oder asymmetrische Schamlippen k\u00f6nnen bei k\u00f6rperlichen Aktivit\u00e4ten wie Radfahren, Laufen oder Geschlechtsverkehr Reizungen, Scheuerstellen oder Schmerzen verursachen.<\/p>\n<\/li>\n<li>\n<p><strong>\u00c4sthetische Bedenken<\/strong>: Manche Frauen sind sich des Aussehens ihrer Schamlippen nicht bewusst und erw\u00e4gen daher eine Operation zur Verbesserung der Symmetrie oder zur Verkleinerung.<\/p>\n<\/li>\n<li>\n<p><strong>Ver\u00e4nderungen nach der Entbindung:<\/strong> Eine vaginale Entbindung kann das Aussehen der Schamlippen ver\u00e4ndern und zu Dehnungen, Rissen oder Narben f\u00fchren. Eine Schamlippenplastik kann helfen, das Aussehen vor der Schwangerschaft wiederherzustellen. <\/p>\n<\/li>\n<li>\n<p><strong>Altersbedingte Ver\u00e4nderungen:<\/strong> Im Laufe der Zeit k\u00f6nnen hormonelle Schwankungen und der nat\u00fcrliche Alterungsprozess zu Ver\u00e4nderungen der Gr\u00f6\u00dfe, Form oder Elastizit\u00e4t der Schamlippen f\u00fchren, was manche Frauen zu einer chirurgischen Korrektur veranlasst.<\/p>\n<\/li>\n<\/ul>\n<div id=\"simple-translate\" class=\"simple-translate-system-theme\">\n<div>\n<div class=\"simple-translate-button isShow\" style=\"background-image: url('chrome-extension:\/\/ibplnjkanclpjokhdolnendpplpjiace\/icons\/512.png'); height: 22px; width: 22px; top: 325px; left: 210px;\"> <\/div>\n<div class=\"simple-translate-panel \" style=\"width: 300px; height: 200px; top: 0px; left: 0px; font-size: 13px;\">\n<div class=\"simple-translate-result-wrapper\" style=\"overflow: hidden;\">\n<div class=\"simple-translate-move\" draggable=\"true\"> <\/div>\n<div class=\"simple-translate-result-contents\">\n<p class=\"simple-translate-result\" dir=\"auto\">\n<p class=\"simple-translate-candidate\" dir=\"auto\">\n<\/div>\n<\/div>\n<\/div>\n<\/div>\n<\/div>\n\t\t\t\t\t\t<\/div>\n\t\t\t\t<\/div>\n\t\t\t\t<div class=\"elementor-element elementor-element-c902cf2 elementor-widget elementor-widget-image\" data-id=\"c902cf2\" data-element_type=\"widget\" data-widget_type=\"image.default\">\n\t\t\t\t<div class=\"elementor-widget-container\">\n\t\t\t<style>\/*! elementor - v3.22.0 - 26-06-2024 *\/\n.elementor-widget-image{text-align:center}.elementor-widget-image a{display:inline-block}.elementor-widget-image a img[src$=\".svg\"]{width:48px}.elementor-widget-image img{vertical-align:middle;display:inline-block}<\/style>\t\t\t\t\t\t\t\t\t\t<img fetchpriority=\"high\" decoding=\"async\" width=\"800\" height=\"480\" src=\"https:\/\/mlavglodfhxh.i.optimole.com\/cb:NNdJ.5778a\/w:1024\/h:614\/q:mauto\/f:best\/https:\/\/turkeylabiaplasty.com\/wp-content\/uploads\/2025\/02\/labiaplasty-istanbul-price-img.jpg\" class=\"attachment-large size-large wp-image-10378\" alt=\"\" srcset=\"https:\/\/mlavglodfhxh.i.optimole.com\/cb:NNdJ.5778a\/w:1024\/h:614\/q:mauto\/f:best\/https:\/\/turkeylabiaplasty.com\/wp-content\/uploads\/2025\/02\/labiaplasty-istanbul-price-img.jpg 1024w, https:\/\/mlavglodfhxh.i.optimole.com\/cb:NNdJ.5778a\/w:300\/h:180\/q:mauto\/f:best\/https:\/\/turkeylabiaplasty.com\/wp-content\/uploads\/2025\/02\/labiaplasty-istanbul-price-img.jpg 300w, https:\/\/mlavglodfhxh.i.optimole.com\/cb:NNdJ.5778a\/w:768\/h:461\/q:mauto\/f:best\/https:\/\/turkeylabiaplasty.com\/wp-content\/uploads\/2025\/02\/labiaplasty-istanbul-price-img.jpg 768w, https:\/\/mlavglodfhxh.i.optimole.com\/cb:NNdJ.5778a\/w:auto\/h:auto\/q:mauto\/f:best\/https:\/\/turkeylabiaplasty.com\/wp-content\/uploads\/2025\/02\/labiaplasty-istanbul-price-img.jpg 1280w\" sizes=\"(max-width: 800px) 100vw, 800px\" \/>\t\t\t\t\t\t\t\t\t\t\t\t\t<\/div>\n\t\t\t\t<\/div>\n\t\t\t\t<div class=\"elementor-element elementor-element-cf5486d elementor-widget elementor-widget-text-editor\" data-id=\"cf5486d\" data-element_type=\"widget\" data-widget_type=\"text-editor.default\">\n\t\t\t\t<div class=\"elementor-widget-container\">\n\t\t\t\t\t\t\t<h2>Wie wird die Labioplastik durchgef\u00fchrt?<\/h2>\n<p>Die Schamlippenkorrektur wird in der Regel unter \u00f6rtlicher Bet\u00e4ubung oder Vollnarkose durchgef\u00fchrt, je nach der Komplexit\u00e4t des Eingriffs und den Pr\u00e4ferenzen der Patientin. Es werden verschiedene Techniken verwendet, darunter: <\/p>\n<ul data-spread=\"false\">\n<li>\n<p><strong>Trimm-Technik: <\/strong>Hierbei wird \u00fcbersch\u00fcssiges Gewebe am Rand der Schamlippen entfernt, um ein sch\u00f6neres, symmetrischeres Aussehen zu erzielen.<\/p>\n<\/li>\n<li>\n<p><strong>Keiltechnik:<\/strong> Bei dieser Methode wird ein keilf\u00f6rmiger Teil des Gewebes aus den Schamlippen entfernt, wobei der nat\u00fcrliche Rand erhalten bleibt, was zu einem nat\u00fcrlicheren Aussehen f\u00fchrt.<\/p>\n<\/li>\n<li>\n<p><strong>Zusammengesetzte Verkleinerung: <\/strong>Falls erforderlich, kann eine Kombination von Techniken angewandt werden, um sowohl die kleinen als auch die gro\u00dfen Schamlippen zu verkleinern.<\/p>\n<\/li>\n<\/ul>\n<p>Der Eingriff dauert in der Regel ein bis zwei Stunden, und die Patienten k\u00f6nnen in der Regel noch am selben Tag nach Hause gehen.<\/p>\n<h2>Erholung und Nachsorge<\/h2>\n<p>Die Genesung nach einer Schamlippenkorrektur ist in der Regel unkompliziert, aber die richtige Nachbehandlung ist f\u00fcr eine optimale Heilung unerl\u00e4sslich. Die wichtigsten Punkte sind: <\/p>\n<ul data-spread=\"false\">\n<li>\n<p><strong>Einschr\u00e4nkung von Ruhe und Aktivit\u00e4t:<\/strong> Den Patienten wird geraten, anstrengende Aktivit\u00e4ten, schweres Heben und Geschlechtsverkehr f\u00fcr 4-6 Wochen nach dem Eingriff zu vermeiden.<\/p>\n<\/li>\n<li>\n<p><strong>Schmerzbehandlung<\/strong>: Leichte Beschwerden, Schwellungen und Bluterg\u00fcsse sind nach dem Eingriff normal und k\u00f6nnen mit verschriebenen Medikamenten und kalten Kompressen behandelt werden.<\/p>\n<\/li>\n<li>\n<p><strong>Hygiene: <\/strong>Es ist wichtig, den Operationsbereich sauber und trocken zu halten, um Infektionen zu vermeiden. Die Patienten sollten die Anweisungen des Chirurgen bez\u00fcglich des Badens und der Verwendung von Salben befolgen. <\/p>\n<\/li>\n<\/ul>\n<h2>M\u00f6gliche Risiken und Komplikationen<\/h2>\n<p>Wie jeder chirurgische Eingriff birgt auch die Schamlippenkorrektur einige Risiken, unter anderem:<\/p>\n<ul data-spread=\"false\">\n<li>\n<p><strong>Infektion<\/strong>: Die richtige postoperative Pflege minimiert dieses Risiko.<\/p>\n<\/li>\n<li>\n<p><strong>Narbenbildung:<\/strong> Auch wenn dies selten vorkommt, kann es bei einigen Patienten zu einer sp\u00fcrbaren Narbenbildung kommen.<\/p>\n<\/li>\n<li>\n<p><strong>Ver\u00e4nderungen der Empfindung: <\/strong>Vor\u00fcbergehende Taubheit oder Empfindlichkeit k\u00f6nnen auftreten, verschwinden aber in der Regel mit der Zeit.<\/p>\n<\/li>\n<li>\n<p><strong>Asymmetrie: <\/strong>Geringf\u00fcgige Asymmetrien k\u00f6nnen bestehen bleiben oder sich entwickeln, die m\u00f6glicherweise eine Revisionsoperation erfordern.<\/p>\n<\/li>\n<\/ul>\n<h2>Psychologische und emotionale Vorteile<\/h2>\n<p>Neben den k\u00f6rperlichen Verbesserungen kann die SchamlippenkoArrektur auch das Selbstwertgef\u00fchl und das Selbstvertrauen einer Frau nachhaltig beeinflussen. Viele Patientinnen berichten, dass sie sich in ihrer eigenen Haut wohler f\u00fchlen und mehr Zufriedenheit in ihrem Alltag und in ihren intimen Beziehungen empfinden. <\/p>\n<h2>Wer ist ein guter Kandidat f\u00fcr eine Schamlippenkorrektur?<\/h2>\n<p>Die ideale Kandidatin f\u00fcr eine Schamlippenkorrektur ist eine gesunde Person, die:<\/p>\n<ul data-spread=\"false\">\n<li>\n<p>Sie f\u00fchlen sich aufgrund des Aussehens ihrer Schamlippen unwohl oder sind sich ihrer selbst nicht bewusst.<\/p>\n<\/li>\n<li>\n<p>hat realistische Erwartungen an das Ergebnis des Verfahrens.<\/p>\n<\/li>\n<li>\n<p>Sie ist weder schwanger noch plant sie eine baldige Schwangerschaft.<\/p>\n<\/li>\n<\/ul>\n<p>Die Schamlippenkorrektur ist ein sicheres und wirksames Verfahren, mit dem eine Vielzahl von funktionellen und \u00e4sthetischen Problemen gel\u00f6st werden kann. Frauen, die einen solchen Eingriff in Erw\u00e4gung ziehen, sollten sich von einem qualifizierten und erfahrenen Chirurgen beraten lassen, unabh\u00e4ngig davon, ob sie k\u00f6rperliche Beschwerden haben oder sich selbstbewusster f\u00fchlen wollen. Eine offene Kommunikation und ein gr\u00fcndliches Verst\u00e4ndnis der Vorteile und Grenzen des Verfahrens sind der Schl\u00fcssel zu einem zufriedenstellenden Ergebnis.  <\/p>\n<div id=\"simple-translate\" class=\"simple-translate-system-theme\">\n<div>\n<div class=\"simple-translate-button isShow\" style=\"background-image: url('chrome-extension:\/\/ibplnjkanclpjokhdolnendpplpjiace\/icons\/512.png'); height: 22px; width: 22px; top: 94px; left: 206px;\"> <\/div>\n<div class=\"simple-translate-panel \" style=\"width: 300px; height: 200px; top: 0px; left: 0px; font-size: 13px;\">\n<div class=\"simple-translate-result-wrapper\" style=\"overflow: hidden;\">\n<div class=\"simple-translate-move\" draggable=\"true\"> <\/div>\n<div class=\"simple-translate-result-contents\">\n<p class=\"simple-translate-result\" dir=\"auto\">\n<p class=\"simple-translate-candidate\" dir=\"auto\">\n<\/div>\n<\/div>\n<\/div>\n<\/div>\n<\/div>\n\t\t\t\t\t\t<\/div>\n\t\t\t\t<\/div>\n\t\t\t\t\t<\/div>\n\t\t<\/div>\n\t\t\t\t<div class=\"elementor-column elementor-col-33 elementor-top-column elementor-element elementor-element-a8a5134\" data-id=\"a8a5134\" data-element_type=\"column\">\n\t\t\t<div class=\"elementor-widget-wrap elementor-element-populated\">\n\t\t\t\t\t\t<div class=\"elementor-element elementor-element-5faceba iletisim-box elementor-flip-box--effect-flip elementor-flip-box--direction-up elementor-widget elementor-widget-flip-box\" data-id=\"5faceba\" data-element_type=\"widget\" data-settings=\"{&quot;sticky&quot;:&quot;top&quot;,&quot;sticky_on&quot;:[&quot;desktop&quot;],&quot;sticky_offset&quot;:210,&quot;sticky_parent&quot;:&quot;yes&quot;,&quot;sticky_effects_offset&quot;:0}\" data-widget_type=\"flip-box.default\">\n\t\t\t\t<div class=\"elementor-widget-container\">\n\t\t\t<link rel=\"stylesheet\" href=\"https:\/\/turkeyhymenoplasty.com\/wp-content\/plugins\/elementor-pro\/assets\/css\/widget-flip-box.min.css\">\t\t<div class=\"elementor-flip-box\" tabindex=\"0\">\n\t\t\t<div class=\"elementor-flip-box__layer elementor-flip-box__front\">\n\t\t\t\t<div class=\"elementor-flip-box__layer__overlay\">\n\t\t\t\t\t<div class=\"elementor-flip-box__layer__inner\">\n\t\t\t\t\t\t\t\t\t\t\t\t\t<div class=\"elementor-icon-wrapper elementor-view-default\">\n\t\t\t\t\t\t\t\t<div class=\"elementor-icon\">\n\t\t\t\t\t\t\t\t\t<svg class=\"e-font-icon-svg e-far-calendar-check\" viewBox=\"0 0 448 512\" xmlns=\"http:\/\/www.w3.org\/2000\/svg\"><path d=\"M400 64h-48V12c0-6.627-5.373-12-12-12h-40c-6.627 0-12 5.373-12 12v52H160V12c0-6.627-5.373-12-12-12h-40c-6.627 0-12 5.373-12 12v52H48C21.49 64 0 85.49 0 112v352c0 26.51 21.49 48 48 48h352c26.51 0 48-21.49 48-48V112c0-26.51-21.49-48-48-48zm-6 400H54a6 6 0 0 1-6-6V160h352v298a6 6 0 0 1-6 6zm-52.849-200.65L198.842 404.519c-4.705 4.667-12.303 4.637-16.971-.068l-75.091-75.699c-4.667-4.705-4.637-12.303.068-16.971l22.719-22.536c4.705-4.667 12.303-4.637 16.97.069l44.104 44.461 111.072-110.181c4.705-4.667 12.303-4.637 16.971.068l22.536 22.718c4.667 4.705 4.636 12.303-.069 16.97z\"><\/path><\/svg>\t\t\t\t\t\t\t\t<\/div>\n\t\t\t\t\t\t\t<\/div>\n\t\t\t\t\t\t\n\t\t\t\t\t\t\t\t\t\t\t\t\t<h3 class=\"elementor-flip-box__layer__title\">\n\t\t\t\t\t\t\t\tEinen Termin vereinbaren\t\t\t\t\t\t\t<\/h3>\n\t\t\t\t\t\t\n\t\t\t\t\t\t\t\t\t\t\t\t\t<div class=\"elementor-flip-box__layer__description\">\n\t\t\t\t\t\t\t\tKontaktieren Sie uns f\u00fcr weitere Informationen oder um einen Termin zu vereinbaren\t\t\t\t\t\t\t<\/div>\n\t\t\t\t\t\t\t\t\t\t\t<\/div>\n\t\t\t\t<\/div>\n\t\t\t<\/div>\n\t\t\t<div class=\"elementor-flip-box__layer elementor-flip-box__back\">\n\t\t\t<div class=\"elementor-flip-box__layer__overlay\">\n\t\t\t\t<div class=\"elementor-flip-box__layer__inner\">\n\t\t\t\t\t\n\t\t\t\t\t\t\t\t\t\t\t<div class=\"elementor-flip-box__layer__description\">\n\t\t\t\t\t\t\tSie k\u00f6nnen uns telefonisch oder per E-Mail kontaktieren oder uns besuchen.\t\t\t\t\t\t<\/div>\n\t\t\t\t\t\n\t\t\t\t\t\t\t\t\t\t\t<a class=\"elementor-flip-box__button elementor-button elementor-size-md\" href=\"https:\/\/turkeyhymenoplasty.com\/de\/kontaktieren-sie-uns\/\">\n\t\t\t\t\t\t\tKontakt\t\t\t\t\t\t<\/a>\n\t\t\t\t\t\t\t\t<\/div>\n\t\t<\/div>\n\t\t<\/div>\n\t\t<\/div>\n\t\t\t\t<\/div>\n\t\t\t\t<\/div>\n\t\t\t\t\t<\/div>\n\t\t<\/div>\n\t\t\t\t\t<\/div>\n\t\t<\/section>\n\t\t\t\t<\/div>\n\t\t","protected":false},"excerpt":{"rendered":"<p>Was ist eine Schamlippenverkleinerung Die Schamlippenplastik ist ein chirurgischer Eingriff, bei dem die kleinen Schamlippen (die inneren Falten der Vulva) oder in einigen F\u00e4llen die gro\u00dfen Schamlippen (die \u00e4u\u00dferen Falten) neu geformt oder verkleinert werden. Es handelt sich um einen der h\u00e4ufigsten Eingriffe in der kosmetischen Gyn\u00e4kologie, der sowohl aus funktionellen als auch aus \u00e4sthetischen [&hellip;]<\/p>\n","protected":false},"author":1,"featured_media":0,"parent":0,"menu_order":0,"comment_status":"closed","ping_status":"closed","template":"template\/template-home.php","meta":{"footnotes":""},"yoast_head":"<!-- This site is optimized with the Yoast SEO plugin v23.0 - https:\/\/yoast.com\/wordpress\/plugins\/seo\/ -->\n<title>Was ist Labiasty? - Turkey Labiaplasty<\/title>\n<meta name=\"robots\" content=\"index, follow, max-snippet:-1, max-image-preview:large, max-video-preview:-1\" \/>\n<link rel=\"canonical\" href=\"https:\/\/turkeylabiaplasty.com\/de\/was-ist-eine-schamlippenverkleinerung\/\" \/>\n<meta property=\"og:locale\" content=\"de_DE\" \/>\n<meta property=\"og:type\" content=\"article\" \/>\n<meta property=\"og:title\" content=\"Was ist Labiasty? - Turkey Labiaplasty\" \/>\n<meta property=\"og:description\" content=\"Was ist eine Schamlippenverkleinerung Die Schamlippenplastik ist ein chirurgischer Eingriff, bei dem die kleinen Schamlippen (die inneren Falten der Vulva) oder in einigen F\u00e4llen die gro\u00dfen Schamlippen (die \u00e4u\u00dferen Falten) neu geformt oder verkleinert werden. Es handelt sich um einen der h\u00e4ufigsten Eingriffe in der kosmetischen Gyn\u00e4kologie, der sowohl aus funktionellen als auch aus \u00e4sthetischen [&hellip;]\" \/>\n<meta property=\"og:url\" content=\"https:\/\/turkeylabiaplasty.com\/de\/was-ist-eine-schamlippenverkleinerung\/\" \/>\n<meta property=\"og:site_name\" content=\"Turkey Labiaplasty\" \/>\n<meta property=\"article:modified_time\" content=\"2025-03-06T07:43:55+00:00\" \/>\n<meta property=\"og:image\" content=\"https:\/\/mlavglodfhxh.i.optimole.com\/cb:NNdJ.5778a\/w:auto\/h:auto\/q:mauto\/f:best\/https:\/\/turkeyhymenoplasty.com\/wp-content\/uploads\/2025\/02\/labiaplasty-istanbul-price-img-1024x614.jpg\" \/>\n<meta name=\"twitter:card\" content=\"summary_large_image\" \/>\n<meta name=\"twitter:label1\" content=\"Gesch\u00e4tzte Lesezeit\" \/>\n\t<meta name=\"twitter:data1\" content=\"4\u00a0Minuten\" \/>\n<script type=\"application\/ld+json\" class=\"yoast-schema-graph\">{\"@context\":\"https:\/\/schema.org\",\"@graph\":[{\"@type\":\"WebPage\",\"@id\":\"https:\/\/turkeylabiaplasty.com\/de\/was-ist-eine-schamlippenverkleinerung\/\",\"url\":\"https:\/\/turkeylabiaplasty.com\/de\/was-ist-eine-schamlippenverkleinerung\/\",\"name\":\"Was ist Labiasty? - Turkey Labiaplasty\",\"isPartOf\":{\"@id\":\"https:\/\/turkeylabiaplasty.com\/#website\"},\"primaryImageOfPage\":{\"@id\":\"https:\/\/turkeylabiaplasty.com\/de\/was-ist-eine-schamlippenverkleinerung\/#primaryimage\"},\"image\":{\"@id\":\"https:\/\/turkeylabiaplasty.com\/de\/was-ist-eine-schamlippenverkleinerung\/#primaryimage\"},\"thumbnailUrl\":\"https:\/\/mlavglodfhxh.i.optimole.com\/cb:NNdJ.5778a\/w:auto\/h:auto\/q:mauto\/f:best\/https:\/\/turkeyhymenoplasty.com\/wp-content\/uploads\/2025\/02\/labiaplasty-istanbul-price-img-1024x614.jpg\",\"datePublished\":\"2022-06-14T10:31:51+00:00\",\"dateModified\":\"2025-03-06T07:43:55+00:00\",\"breadcrumb\":{\"@id\":\"https:\/\/turkeylabiaplasty.com\/de\/was-ist-eine-schamlippenverkleinerung\/#breadcrumb\"},\"inLanguage\":\"de\",\"potentialAction\":[{\"@type\":\"ReadAction\",\"target\":[\"https:\/\/turkeylabiaplasty.com\/de\/was-ist-eine-schamlippenverkleinerung\/\"]}]},{\"@type\":\"ImageObject\",\"inLanguage\":\"de\",\"@id\":\"https:\/\/turkeylabiaplasty.com\/de\/was-ist-eine-schamlippenverkleinerung\/#primaryimage\",\"url\":\"https:\/\/mlavglodfhxh.i.optimole.com\/cb:NNdJ.5778a\/w:auto\/h:auto\/q:mauto\/f:best\/https:\/\/turkeyhymenoplasty.com\/wp-content\/uploads\/2025\/02\/labiaplasty-istanbul-price-img-1024x614.jpg\",\"contentUrl\":\"https:\/\/mlavglodfhxh.i.optimole.com\/cb:NNdJ.5778a\/w:auto\/h:auto\/q:mauto\/f:best\/https:\/\/turkeyhymenoplasty.com\/wp-content\/uploads\/2025\/02\/labiaplasty-istanbul-price-img-1024x614.jpg\"},{\"@type\":\"BreadcrumbList\",\"@id\":\"https:\/\/turkeylabiaplasty.com\/de\/was-ist-eine-schamlippenverkleinerung\/#breadcrumb\",\"itemListElement\":[{\"@type\":\"ListItem\",\"position\":1,\"name\":\"Home\",\"item\":\"https:\/\/turkeylabiaplasty.com\/\"},{\"@type\":\"ListItem\",\"position\":2,\"name\":\"Was ist Labiasty?\"}]},{\"@type\":\"WebSite\",\"@id\":\"https:\/\/turkeylabiaplasty.com\/#website\",\"url\":\"https:\/\/turkeylabiaplasty.com\/\",\"name\":\"Turkey Labiaplasty\",\"description\":\"What Is Labiaplasty\",\"publisher\":{\"@id\":\"https:\/\/turkeylabiaplasty.com\/#organization\"},\"potentialAction\":[{\"@type\":\"SearchAction\",\"target\":{\"@type\":\"EntryPoint\",\"urlTemplate\":\"https:\/\/turkeylabiaplasty.com\/?s={search_term_string}\"},\"query-input\":\"required name=search_term_string\"}],\"inLanguage\":\"de\"},{\"@type\":\"Organization\",\"@id\":\"https:\/\/turkeylabiaplasty.com\/#organization\",\"name\":\"Linest Clinic\",\"url\":\"https:\/\/turkeylabiaplasty.com\/\",\"logo\":{\"@type\":\"ImageObject\",\"inLanguage\":\"de\",\"@id\":\"https:\/\/turkeylabiaplasty.com\/#\/schema\/logo\/image\/\",\"url\":\"https:\/\/mlavglodfhxh.i.optimole.com\/cb:NNdJ.5778a\/w:auto\/h:auto\/q:mauto\/f:best\/https:\/\/turkeyhymenoplasty.com\/wp-content\/uploads\/2019\/08\/LINEST.png\",\"contentUrl\":\"https:\/\/mlavglodfhxh.i.optimole.com\/cb:NNdJ.5778a\/w:auto\/h:auto\/q:mauto\/f:best\/https:\/\/turkeyhymenoplasty.com\/wp-content\/uploads\/2019\/08\/LINEST.png\",\"width\":4897,\"height\":1043,\"caption\":\"Linest Clinic\"},\"image\":{\"@id\":\"https:\/\/turkeylabiaplasty.com\/#\/schema\/logo\/image\/\"}}]}<\/script>\n<!-- \/ Yoast SEO plugin. -->","yoast_head_json":{"title":"Was ist Labiasty? - Turkey Labiaplasty","robots":{"index":"index","follow":"follow","max-snippet":"max-snippet:-1","max-image-preview":"max-image-preview:large","max-video-preview":"max-video-preview:-1"},"canonical":"https:\/\/turkeylabiaplasty.com\/de\/was-ist-eine-schamlippenverkleinerung\/","og_locale":"de_DE","og_type":"article","og_title":"Was ist Labiasty? - Turkey Labiaplasty","og_description":"Was ist eine Schamlippenverkleinerung Die Schamlippenplastik ist ein chirurgischer Eingriff, bei dem die kleinen Schamlippen (die inneren Falten der Vulva) oder in einigen F\u00e4llen die gro\u00dfen Schamlippen (die \u00e4u\u00dferen Falten) neu geformt oder verkleinert werden. Es handelt sich um einen der h\u00e4ufigsten Eingriffe in der kosmetischen Gyn\u00e4kologie, der sowohl aus funktionellen als auch aus \u00e4sthetischen [&hellip;]","og_url":"https:\/\/turkeylabiaplasty.com\/de\/was-ist-eine-schamlippenverkleinerung\/","og_site_name":"Turkey Labiaplasty","article_modified_time":"2025-03-06T07:43:55+00:00","og_image":[{"url":"https:\/\/mlavglodfhxh.i.optimole.com\/cb:NNdJ.5778a\/w:auto\/h:auto\/q:mauto\/f:best\/https:\/\/turkeyhymenoplasty.com\/wp-content\/uploads\/2025\/02\/labiaplasty-istanbul-price-img-1024x614.jpg"}],"twitter_card":"summary_large_image","twitter_misc":{"Gesch\u00e4tzte Lesezeit":"4\u00a0Minuten"},"schema":{"@context":"https:\/\/schema.org","@graph":[{"@type":"WebPage","@id":"https:\/\/turkeylabiaplasty.com\/de\/was-ist-eine-schamlippenverkleinerung\/","url":"https:\/\/turkeylabiaplasty.com\/de\/was-ist-eine-schamlippenverkleinerung\/","name":"Was ist Labiasty? - Turkey Labiaplasty","isPartOf":{"@id":"https:\/\/turkeylabiaplasty.com\/#website"},"primaryImageOfPage":{"@id":"https:\/\/turkeylabiaplasty.com\/de\/was-ist-eine-schamlippenverkleinerung\/#primaryimage"},"image":{"@id":"https:\/\/turkeylabiaplasty.com\/de\/was-ist-eine-schamlippenverkleinerung\/#primaryimage"},"thumbnailUrl":"https:\/\/mlavglodfhxh.i.optimole.com\/cb:NNdJ.5778a\/w:auto\/h:auto\/q:mauto\/f:best\/https:\/\/turkeyhymenoplasty.com\/wp-content\/uploads\/2025\/02\/labiaplasty-istanbul-price-img-1024x614.jpg","datePublished":"2022-06-14T10:31:51+00:00","dateModified":"2025-03-06T07:43:55+00:00","breadcrumb":{"@id":"https:\/\/turkeylabiaplasty.com\/de\/was-ist-eine-schamlippenverkleinerung\/#breadcrumb"},"inLanguage":"de","potentialAction":[{"@type":"ReadAction","target":["https:\/\/turkeylabiaplasty.com\/de\/was-ist-eine-schamlippenverkleinerung\/"]}]},{"@type":"ImageObject","inLanguage":"de","@id":"https:\/\/turkeylabiaplasty.com\/de\/was-ist-eine-schamlippenverkleinerung\/#primaryimage","url":"https:\/\/mlavglodfhxh.i.optimole.com\/cb:NNdJ.5778a\/w:auto\/h:auto\/q:mauto\/f:best\/https:\/\/turkeyhymenoplasty.com\/wp-content\/uploads\/2025\/02\/labiaplasty-istanbul-price-img-1024x614.jpg","contentUrl":"https:\/\/mlavglodfhxh.i.optimole.com\/cb:NNdJ.5778a\/w:auto\/h:auto\/q:mauto\/f:best\/https:\/\/turkeyhymenoplasty.com\/wp-content\/uploads\/2025\/02\/labiaplasty-istanbul-price-img-1024x614.jpg"},{"@type":"BreadcrumbList","@id":"https:\/\/turkeylabiaplasty.com\/de\/was-ist-eine-schamlippenverkleinerung\/#breadcrumb","itemListElement":[{"@type":"ListItem","position":1,"name":"Home","item":"https:\/\/turkeylabiaplasty.com\/"},{"@type":"ListItem","position":2,"name":"Was ist Labiasty?"}]},{"@type":"WebSite","@id":"https:\/\/turkeylabiaplasty.com\/#website","url":"https:\/\/turkeylabiaplasty.com\/","name":"Turkey Labiaplasty","description":"What Is Labiaplasty","publisher":{"@id":"https:\/\/turkeylabiaplasty.com\/#organization"},"potentialAction":[{"@type":"SearchAction","target":{"@type":"EntryPoint","urlTemplate":"https:\/\/turkeylabiaplasty.com\/?s={search_term_string}"},"query-input":"required name=search_term_string"}],"inLanguage":"de"},{"@type":"Organization","@id":"https:\/\/turkeylabiaplasty.com\/#organization","name":"Linest Clinic","url":"https:\/\/turkeylabiaplasty.com\/","logo":{"@type":"ImageObject","inLanguage":"de","@id":"https:\/\/turkeylabiaplasty.com\/#\/schema\/logo\/image\/","url":"https:\/\/mlavglodfhxh.i.optimole.com\/cb:NNdJ.5778a\/w:auto\/h:auto\/q:mauto\/f:best\/https:\/\/turkeyhymenoplasty.com\/wp-content\/uploads\/2019\/08\/LINEST.png","contentUrl":"https:\/\/mlavglodfhxh.i.optimole.com\/cb:NNdJ.5778a\/w:auto\/h:auto\/q:mauto\/f:best\/https:\/\/turkeyhymenoplasty.com\/wp-content\/uploads\/2019\/08\/LINEST.png","width":4897,"height":1043,"caption":"Linest Clinic"},"image":{"@id":"https:\/\/turkeylabiaplasty.com\/#\/schema\/logo\/image\/"}}]}},"_links":{"self":[{"href":"https:\/\/turkeylabiaplasty.com\/de\/wp-json\/wp\/v2\/pages\/9470"}],"collection":[{"href":"https:\/\/turkeylabiaplasty.com\/de\/wp-json\/wp\/v2\/pages"}],"about":[{"href":"https:\/\/turkeylabiaplasty.com\/de\/wp-json\/wp\/v2\/types\/page"}],"author":[{"embeddable":true,"href":"https:\/\/turkeylabiaplasty.com\/de\/wp-json\/wp\/v2\/users\/1"}],"replies":[{"embeddable":true,"href":"https:\/\/turkeylabiaplasty.com\/de\/wp-json\/wp\/v2\/comments?post=9470"}],"version-history":[{"count":5,"href":"https:\/\/turkeylabiaplasty.com\/de\/wp-json\/wp\/v2\/pages\/9470\/revisions"}],"predecessor-version":[{"id":10906,"href":"https:\/\/turkeylabiaplasty.com\/de\/wp-json\/wp\/v2\/pages\/9470\/revisions\/10906"}],"wp:attachment":[{"href":"https:\/\/turkeylabiaplasty.com\/de\/wp-json\/wp\/v2\/media?parent=9470"}],"curies":[{"name":"wp","href":"https:\/\/api.w.org\/{rel}","templated":true}]}}