{"id":9430,"date":"2019-11-05T09:27:13","date_gmt":"2019-11-05T09:27:13","guid":{"rendered":"https:\/\/turkeylabiaplasty.com\/blog\/"},"modified":"2025-03-06T07:16:22","modified_gmt":"2025-03-06T07:16:22","slug":"blog","status":"publish","type":"page","link":"https:\/\/turkeylabiaplasty.com\/fr\/blog\/","title":{"rendered":"Blog"},"content":{"rendered":"\t\t<div data-elementor-type=\"wp-page\" data-elementor-id=\"9430\" class=\"elementor elementor-9430 elementor-4608\" data-elementor-post-type=\"page\">\n\t\t\t\t\t\t<section class=\"elementor-section elementor-top-section elementor-element elementor-element-35ea2d9 elementor-section-content-middle elementor-section-height-min-height elementor-section-boxed elementor-section-height-default elementor-section-items-middle\" data-id=\"35ea2d9\" data-element_type=\"section\" data-settings=\"{&quot;background_background&quot;:&quot;classic&quot;}\">\n\t\t\t\t\t\t<div class=\"elementor-container elementor-column-gap-default\">\n\t\t\t\t\t<div class=\"elementor-column elementor-col-100 elementor-top-column elementor-element elementor-element-e0f359b\" data-id=\"e0f359b\" data-element_type=\"column\">\n\t\t\t<div class=\"elementor-widget-wrap elementor-element-populated\">\n\t\t\t\t\t\t<div class=\"elementor-element elementor-element-e025441 elementor-grid-1 elementor-grid-tablet-2 elementor-grid-mobile-1 elementor-posts--thumbnail-top elementor-card-shadow-yes elementor-posts__hover-gradient elementor-widget elementor-widget-posts\" data-id=\"e025441\" data-element_type=\"widget\" data-settings=\"{&quot;cards_columns&quot;:&quot;1&quot;,&quot;cards_columns_tablet&quot;:&quot;2&quot;,&quot;cards_columns_mobile&quot;:&quot;1&quot;,&quot;cards_row_gap&quot;:{&quot;unit&quot;:&quot;px&quot;,&quot;size&quot;:35,&quot;sizes&quot;:[]},&quot;cards_row_gap_tablet&quot;:{&quot;unit&quot;:&quot;px&quot;,&quot;size&quot;:&quot;&quot;,&quot;sizes&quot;:[]},&quot;cards_row_gap_mobile&quot;:{&quot;unit&quot;:&quot;px&quot;,&quot;size&quot;:&quot;&quot;,&quot;sizes&quot;:[]}}\" data-widget_type=\"posts.cards\">\n\t\t\t\t<div class=\"elementor-widget-container\">\n\t\t\t<link rel=\"stylesheet\" href=\"https:\/\/turkeyhymenoplasty.com\/wp-content\/plugins\/elementor-pro\/assets\/css\/widget-posts.min.css\">\t\t<div class=\"elementor-posts-container elementor-posts elementor-posts--skin-cards elementor-grid\">\n\t\t\t\t<article class=\"elementor-post elementor-grid-item post-9380 post type-post status-publish format-standard has-post-thumbnail hentry category-non-classifiee\">\n\t\t\t<div class=\"elementor-post__card\">\n\t\t\t\t<a class=\"elementor-post__thumbnail__link\" href=\"https:\/\/turkeylabiaplasty.com\/fr\/chirurgie-esthetique-post-genitale-ce-quil-faut-prendre-en-compte\/\" tabindex=\"-1\" ><div class=\"elementor-post__thumbnail\"><img fetchpriority=\"high\" decoding=\"async\" width=\"300\" height=\"200\" src=\"https:\/\/mlavglodfhxh.i.optimole.com\/cb:NNdJ.5778a\/w:300\/h:200\/q:mauto\/f:best\/https:\/\/turkeylabiaplasty.com\/wp-content\/uploads\/2024\/10\/1.jpg\" class=\"attachment-medium size-medium wp-image-9300\" alt=\"\" srcset=\"https:\/\/mlavglodfhxh.i.optimole.com\/cb:NNdJ.5778a\/w:300\/h:200\/q:mauto\/f:best\/https:\/\/turkeylabiaplasty.com\/wp-content\/uploads\/2024\/10\/1.jpg 300w, https:\/\/mlavglodfhxh.i.optimole.com\/cb:NNdJ.5778a\/w:768\/h:512\/q:mauto\/f:best\/https:\/\/turkeylabiaplasty.com\/wp-content\/uploads\/2024\/10\/1.jpg 768w, https:\/\/mlavglodfhxh.i.optimole.com\/cb:NNdJ.5778a\/w:auto\/h:auto\/q:mauto\/f:best\/https:\/\/turkeylabiaplasty.com\/wp-content\/uploads\/2024\/10\/1.jpg 1024w\" sizes=\"(max-width: 300px) 100vw, 300px\" \/><\/div><\/a>\n\t\t\t\t<div class=\"elementor-post__text\">\n\t\t\t\t<h3 class=\"elementor-post__title\">\n\t\t\t<a href=\"https:\/\/turkeylabiaplasty.com\/fr\/chirurgie-esthetique-post-genitale-ce-quil-faut-prendre-en-compte\/\" >\n\t\t\t\tChirurgie esth\u00e9tique post-g\u00e9nitale : Ce qu&rsquo;il faut prendre en compte\t\t\t<\/a>\n\t\t<\/h3>\n\t\t\t\t<div class=\"elementor-post__excerpt\">\n\t\t\t<p>Chirurgie esth\u00e9tique post-g\u00e9nitale : Ce qu&rsquo;il faut prendre en compte La chirurgie esth\u00e9tique g\u00e9nitale d\u00e9signe les interventions chirurgicales visant \u00e0 am\u00e9liorer l&rsquo;apparence de la zone<\/p>\n\t\t<\/div>\n\t\t\n\t\t<a class=\"elementor-post__read-more\" href=\"https:\/\/turkeylabiaplasty.com\/fr\/chirurgie-esthetique-post-genitale-ce-quil-faut-prendre-en-compte\/\" aria-label=\"Read more about Chirurgie esth\u00e9tique post-g\u00e9nitale : Ce qu&rsquo;il faut prendre en compte\" tabindex=\"-1\" >\n\t\t\tLire la suite \u00bb\t\t<\/a>\n\n\t\t\t\t<\/div>\n\t\t\t\t\t<\/div>\n\t\t<\/article>\n\t\t\t\t<article class=\"elementor-post elementor-grid-item post-9388 post type-post status-publish format-standard has-post-thumbnail hentry category-non-classifiee\">\n\t\t\t<div class=\"elementor-post__card\">\n\t\t\t\t<a class=\"elementor-post__thumbnail__link\" href=\"https:\/\/turkeylabiaplasty.com\/fr\/quest-ce-que-lesthetique-genitale\/\" tabindex=\"-1\" ><div class=\"elementor-post__thumbnail\"><img fetchpriority=\"high\" decoding=\"async\" width=\"300\" height=\"169\" src=\"https:\/\/mlavglodfhxh.i.optimole.com\/cb:NNdJ.5778a\/w:300\/h:169\/q:mauto\/f:best\/https:\/\/turkeylabiaplasty.com\/wp-content\/uploads\/2025\/01\/genital-estetik.jpg\" class=\"attachment-medium size-medium wp-image-9369\" alt=\"\" srcset=\"https:\/\/mlavglodfhxh.i.optimole.com\/cb:NNdJ.5778a\/w:300\/h:169\/q:mauto\/f:best\/https:\/\/turkeylabiaplasty.com\/wp-content\/uploads\/2025\/01\/genital-estetik.jpg 300w, https:\/\/mlavglodfhxh.i.optimole.com\/cb:NNdJ.5778a\/w:1024\/h:576\/q:mauto\/f:best\/https:\/\/turkeylabiaplasty.com\/wp-content\/uploads\/2025\/01\/genital-estetik.jpg 1024w, https:\/\/mlavglodfhxh.i.optimole.com\/cb:NNdJ.5778a\/w:768\/h:432\/q:mauto\/f:best\/https:\/\/turkeylabiaplasty.com\/wp-content\/uploads\/2025\/01\/genital-estetik.jpg 768w, https:\/\/mlavglodfhxh.i.optimole.com\/cb:NNdJ.5778a\/w:auto\/h:auto\/q:mauto\/f:best\/https:\/\/turkeylabiaplasty.com\/wp-content\/uploads\/2025\/01\/genital-estetik.jpg 1280w\" sizes=\"(max-width: 300px) 100vw, 300px\" \/><\/div><\/a>\n\t\t\t\t<div class=\"elementor-post__text\">\n\t\t\t\t<h3 class=\"elementor-post__title\">\n\t\t\t<a href=\"https:\/\/turkeylabiaplasty.com\/fr\/quest-ce-que-lesthetique-genitale\/\" >\n\t\t\t\tQu&rsquo;est-ce que l&rsquo;esth\u00e9tique g\u00e9nitale ?\t\t\t<\/a>\n\t\t<\/h3>\n\t\t\t\t<div class=\"elementor-post__excerpt\">\n\t\t\t<p>Esth\u00e9tique g\u00e9nitale : La recherche de l&rsquo;apparence et du confort L&rsquo;esth\u00e9tique g\u00e9nitale fait r\u00e9f\u00e9rence aux interventions chirurgicales et non chirurgicales modernes visant \u00e0 am\u00e9liorer l&rsquo;apparence<\/p>\n\t\t<\/div>\n\t\t\n\t\t<a class=\"elementor-post__read-more\" href=\"https:\/\/turkeylabiaplasty.com\/fr\/quest-ce-que-lesthetique-genitale\/\" aria-label=\"Read more about Qu&rsquo;est-ce que l&rsquo;esth\u00e9tique g\u00e9nitale ?\" tabindex=\"-1\" >\n\t\t\tLire la suite \u00bb\t\t<\/a>\n\n\t\t\t\t<\/div>\n\t\t\t\t\t<\/div>\n\t\t<\/article>\n\t\t\t\t<article class=\"elementor-post elementor-grid-item post-9360 post type-post status-publish format-standard has-post-thumbnail hentry category-non-classifiee\">\n\t\t\t<div class=\"elementor-post__card\">\n\t\t\t\t<a class=\"elementor-post__thumbnail__link\" href=\"https:\/\/turkeylabiaplasty.com\/fr\/quest-ce-que-la-labiaplastie\/\" tabindex=\"-1\" ><div class=\"elementor-post__thumbnail\"><img fetchpriority=\"high\" decoding=\"async\" width=\"300\" height=\"169\" src=\"https:\/\/mlavglodfhxh.i.optimole.com\/cb:NNdJ.5778a\/w:300\/h:169\/q:mauto\/f:best\/https:\/\/turkeylabiaplasty.com\/wp-content\/uploads\/2025\/01\/labioplasti.jpg\" class=\"attachment-medium size-medium wp-image-9343\" alt=\"\" srcset=\"https:\/\/mlavglodfhxh.i.optimole.com\/cb:NNdJ.5778a\/w:300\/h:169\/q:mauto\/f:best\/https:\/\/turkeylabiaplasty.com\/wp-content\/uploads\/2025\/01\/labioplasti.jpg 300w, https:\/\/mlavglodfhxh.i.optimole.com\/cb:NNdJ.5778a\/w:1024\/h:576\/q:mauto\/f:best\/https:\/\/turkeylabiaplasty.com\/wp-content\/uploads\/2025\/01\/labioplasti.jpg 1024w, https:\/\/mlavglodfhxh.i.optimole.com\/cb:NNdJ.5778a\/w:768\/h:432\/q:mauto\/f:best\/https:\/\/turkeylabiaplasty.com\/wp-content\/uploads\/2025\/01\/labioplasti.jpg 768w, https:\/\/mlavglodfhxh.i.optimole.com\/cb:NNdJ.5778a\/w:auto\/h:auto\/q:mauto\/f:best\/https:\/\/turkeylabiaplasty.com\/wp-content\/uploads\/2025\/01\/labioplasti.jpg 1280w\" sizes=\"(max-width: 300px) 100vw, 300px\" \/><\/div><\/a>\n\t\t\t\t<div class=\"elementor-post__text\">\n\t\t\t\t<h3 class=\"elementor-post__title\">\n\t\t\t<a href=\"https:\/\/turkeylabiaplasty.com\/fr\/quest-ce-que-la-labiaplastie\/\" >\n\t\t\t\tLabiaplastie et accouchement\t\t\t<\/a>\n\t\t<\/h3>\n\t\t\t\t<div class=\"elementor-post__excerpt\">\n\t\t\t<p>Labiaplastie et accouchement La labiaplastie est une intervention chirurgicale destin\u00e9e \u00e0 remodeler ou \u00e0 r\u00e9duire la taille des petites l\u00e8vres, les plis internes de la<\/p>\n\t\t<\/div>\n\t\t\n\t\t<a class=\"elementor-post__read-more\" href=\"https:\/\/turkeylabiaplasty.com\/fr\/quest-ce-que-la-labiaplastie\/\" aria-label=\"Read more about Labiaplastie et accouchement\" tabindex=\"-1\" >\n\t\t\tLire la suite \u00bb\t\t<\/a>\n\n\t\t\t\t<\/div>\n\t\t\t\t\t<\/div>\n\t\t<\/article>\n\t\t\t\t<\/div>\n\t\t\n\t\t\t\t<\/div>\n\t\t\t\t<\/div>\n\t\t\t\t\t<\/div>\n\t\t<\/div>\n\t\t\t\t\t<\/div>\n\t\t<\/section>\n\t\t\t\t<\/div>\n\t\t","protected":false},"excerpt":{"rendered":"","protected":false},"author":1,"featured_media":0,"parent":0,"menu_order":0,"comment_status":"closed","ping_status":"closed","template":"elementor_theme","meta":{"footnotes":""},"yoast_head":"<!-- This site is optimized with the Yoast SEO plugin v23.0 - https:\/\/yoast.com\/wordpress\/plugins\/seo\/ -->\n<title>Blog - Turkey Labiaplasty<\/title>\n<meta name=\"robots\" content=\"index, follow, max-snippet:-1, max-image-preview:large, max-video-preview:-1\" \/>\n<link rel=\"canonical\" href=\"https:\/\/turkeylabiaplasty.com\/blog\/\" \/>\n<meta property=\"og:locale\" content=\"fr_FR\" \/>\n<meta property=\"og:type\" content=\"article\" \/>\n<meta property=\"og:title\" content=\"Blog - Turkey Labiaplasty\" \/>\n<meta property=\"og:url\" content=\"https:\/\/turkeylabiaplasty.com\/blog\/\" \/>\n<meta property=\"og:site_name\" content=\"Turkey Labiaplasty\" \/>\n<meta property=\"article:modified_time\" content=\"2025-03-06T07:16:22+00:00\" \/>\n<meta name=\"twitter:card\" content=\"summary_large_image\" \/>\n<script type=\"application\/ld+json\" class=\"yoast-schema-graph\">{\"@context\":\"https:\/\/schema.org\",\"@graph\":[{\"@type\":\"WebPage\",\"@id\":\"https:\/\/turkeylabiaplasty.com\/blog\/\",\"url\":\"https:\/\/turkeylabiaplasty.com\/blog\/\",\"name\":\"Blog - Turkey Labiaplasty\",\"isPartOf\":{\"@id\":\"https:\/\/turkeylabiaplasty.com\/#website\"},\"datePublished\":\"2019-11-05T09:27:13+00:00\",\"dateModified\":\"2025-03-06T07:16:22+00:00\",\"breadcrumb\":{\"@id\":\"https:\/\/turkeylabiaplasty.com\/blog\/#breadcrumb\"},\"inLanguage\":\"fr-FR\",\"potentialAction\":[{\"@type\":\"ReadAction\",\"target\":[\"https:\/\/turkeylabiaplasty.com\/blog\/\"]}]},{\"@type\":\"BreadcrumbList\",\"@id\":\"https:\/\/turkeylabiaplasty.com\/blog\/#breadcrumb\",\"itemListElement\":[{\"@type\":\"ListItem\",\"position\":1,\"name\":\"Home\",\"item\":\"https:\/\/turkeylabiaplasty.com\/\"},{\"@type\":\"ListItem\",\"position\":2,\"name\":\"Blog\"}]},{\"@type\":\"WebSite\",\"@id\":\"https:\/\/turkeylabiaplasty.com\/#website\",\"url\":\"https:\/\/turkeylabiaplasty.com\/\",\"name\":\"Turkey Labiaplasty\",\"description\":\"What Is Labiaplasty\",\"publisher\":{\"@id\":\"https:\/\/turkeylabiaplasty.com\/#organization\"},\"potentialAction\":[{\"@type\":\"SearchAction\",\"target\":{\"@type\":\"EntryPoint\",\"urlTemplate\":\"https:\/\/turkeylabiaplasty.com\/?s={search_term_string}\"},\"query-input\":\"required name=search_term_string\"}],\"inLanguage\":\"fr-FR\"},{\"@type\":\"Organization\",\"@id\":\"https:\/\/turkeylabiaplasty.com\/#organization\",\"name\":\"Linest Clinic\",\"url\":\"https:\/\/turkeylabiaplasty.com\/\",\"logo\":{\"@type\":\"ImageObject\",\"inLanguage\":\"fr-FR\",\"@id\":\"https:\/\/turkeylabiaplasty.com\/#\/schema\/logo\/image\/\",\"url\":\"https:\/\/mlavglodfhxh.i.optimole.com\/cb:NNdJ.5778a\/w:auto\/h:auto\/q:mauto\/f:best\/https:\/\/turkeyhymenoplasty.com\/wp-content\/uploads\/2019\/08\/LINEST.png\",\"contentUrl\":\"https:\/\/mlavglodfhxh.i.optimole.com\/cb:NNdJ.5778a\/w:auto\/h:auto\/q:mauto\/f:best\/https:\/\/turkeyhymenoplasty.com\/wp-content\/uploads\/2019\/08\/LINEST.png\",\"width\":4897,\"height\":1043,\"caption\":\"Linest Clinic\"},\"image\":{\"@id\":\"https:\/\/turkeylabiaplasty.com\/#\/schema\/logo\/image\/\"}}]}<\/script>\n<!-- \/ Yoast SEO plugin. -->","yoast_head_json":{"title":"Blog - Turkey Labiaplasty","robots":{"index":"index","follow":"follow","max-snippet":"max-snippet:-1","max-image-preview":"max-image-preview:large","max-video-preview":"max-video-preview:-1"},"canonical":"https:\/\/turkeylabiaplasty.com\/blog\/","og_locale":"fr_FR","og_type":"article","og_title":"Blog - Turkey Labiaplasty","og_url":"https:\/\/turkeylabiaplasty.com\/blog\/","og_site_name":"Turkey Labiaplasty","article_modified_time":"2025-03-06T07:16:22+00:00","twitter_card":"summary_large_image","schema":{"@context":"https:\/\/schema.org","@graph":[{"@type":"WebPage","@id":"https:\/\/turkeylabiaplasty.com\/blog\/","url":"https:\/\/turkeylabiaplasty.com\/blog\/","name":"Blog - Turkey Labiaplasty","isPartOf":{"@id":"https:\/\/turkeylabiaplasty.com\/#website"},"datePublished":"2019-11-05T09:27:13+00:00","dateModified":"2025-03-06T07:16:22+00:00","breadcrumb":{"@id":"https:\/\/turkeylabiaplasty.com\/blog\/#breadcrumb"},"inLanguage":"fr-FR","potentialAction":[{"@type":"ReadAction","target":["https:\/\/turkeylabiaplasty.com\/blog\/"]}]},{"@type":"BreadcrumbList","@id":"https:\/\/turkeylabiaplasty.com\/blog\/#breadcrumb","itemListElement":[{"@type":"ListItem","position":1,"name":"Home","item":"https:\/\/turkeylabiaplasty.com\/"},{"@type":"ListItem","position":2,"name":"Blog"}]},{"@type":"WebSite","@id":"https:\/\/turkeylabiaplasty.com\/#website","url":"https:\/\/turkeylabiaplasty.com\/","name":"Turkey Labiaplasty","description":"What Is Labiaplasty","publisher":{"@id":"https:\/\/turkeylabiaplasty.com\/#organization"},"potentialAction":[{"@type":"SearchAction","target":{"@type":"EntryPoint","urlTemplate":"https:\/\/turkeylabiaplasty.com\/?s={search_term_string}"},"query-input":"required name=search_term_string"}],"inLanguage":"fr-FR"},{"@type":"Organization","@id":"https:\/\/turkeylabiaplasty.com\/#organization","name":"Linest Clinic","url":"https:\/\/turkeylabiaplasty.com\/","logo":{"@type":"ImageObject","inLanguage":"fr-FR","@id":"https:\/\/turkeylabiaplasty.com\/#\/schema\/logo\/image\/","url":"https:\/\/mlavglodfhxh.i.optimole.com\/cb:NNdJ.5778a\/w:auto\/h:auto\/q:mauto\/f:best\/https:\/\/turkeyhymenoplasty.com\/wp-content\/uploads\/2019\/08\/LINEST.png","contentUrl":"https:\/\/mlavglodfhxh.i.optimole.com\/cb:NNdJ.5778a\/w:auto\/h:auto\/q:mauto\/f:best\/https:\/\/turkeyhymenoplasty.com\/wp-content\/uploads\/2019\/08\/LINEST.png","width":4897,"height":1043,"caption":"Linest Clinic"},"image":{"@id":"https:\/\/turkeylabiaplasty.com\/#\/schema\/logo\/image\/"}}]}},"_links":{"self":[{"href":"https:\/\/turkeylabiaplasty.com\/fr\/wp-json\/wp\/v2\/pages\/9430"}],"collection":[{"href":"https:\/\/turkeylabiaplasty.com\/fr\/wp-json\/wp\/v2\/pages"}],"about":[{"href":"https:\/\/turkeylabiaplasty.com\/fr\/wp-json\/wp\/v2\/types\/page"}],"author":[{"embeddable":true,"href":"https:\/\/turkeylabiaplasty.com\/fr\/wp-json\/wp\/v2\/users\/1"}],"replies":[{"embeddable":true,"href":"https:\/\/turkeylabiaplasty.com\/fr\/wp-json\/wp\/v2\/comments?post=9430"}],"version-history":[{"count":1,"href":"https:\/\/turkeylabiaplasty.com\/fr\/wp-json\/wp\/v2\/pages\/9430\/revisions"}],"predecessor-version":[{"id":10885,"href":"https:\/\/turkeylabiaplasty.com\/fr\/wp-json\/wp\/v2\/pages\/9430\/revisions\/10885"}],"wp:attachment":[{"href":"https:\/\/turkeylabiaplasty.com\/fr\/wp-json\/wp\/v2\/media?parent=9430"}],"curies":[{"name":"wp","href":"https:\/\/api.w.org\/{rel}","templated":true}]}}