{"id":9468,"date":"2022-06-14T10:31:51","date_gmt":"2022-06-14T10:31:51","guid":{"rendered":"https:\/\/turkeylabiaplasty.com\/quest-ce-que-la-labiaplastie\/"},"modified":"2025-03-06T07:42:59","modified_gmt":"2025-03-06T07:42:59","slug":"quest-ce-que-la-labiaplastie","status":"publish","type":"page","link":"https:\/\/turkeylabiaplasty.com\/fr\/quest-ce-que-la-labiaplastie\/","title":{"rendered":"Qu&rsquo;est-ce que la labiastase ?"},"content":{"rendered":"\t\t<div data-elementor-type=\"wp-post\" data-elementor-id=\"9468\" class=\"elementor elementor-9468 elementor-7656\" data-elementor-post-type=\"page\">\n\t\t\t\t\t\t<section class=\"elementor-section elementor-top-section elementor-element elementor-element-599d25c elementor-section-boxed elementor-section-height-default elementor-section-height-default\" data-id=\"599d25c\" data-element_type=\"section\">\n\t\t\t\t\t\t\t<div class=\"elementor-background-overlay\"><\/div>\n\t\t\t\t\t\t\t<div class=\"elementor-container elementor-column-gap-default\">\n\t\t\t\t\t<div class=\"elementor-column elementor-col-66 elementor-top-column elementor-element elementor-element-cbad41f\" data-id=\"cbad41f\" data-element_type=\"column\">\n\t\t\t<div class=\"elementor-widget-wrap elementor-element-populated\">\n\t\t\t\t\t\t<div class=\"elementor-element elementor-element-c3c50aa elementor-widget elementor-widget-text-editor\" data-id=\"c3c50aa\" data-element_type=\"widget\" data-widget_type=\"text-editor.default\">\n\t\t\t\t<div class=\"elementor-widget-container\">\n\t\t\t<style>\/*! elementor - v3.22.0 - 26-06-2024 *\/\n.elementor-widget-text-editor.elementor-drop-cap-view-stacked .elementor-drop-cap{background-color:#69727d;color:#fff}.elementor-widget-text-editor.elementor-drop-cap-view-framed .elementor-drop-cap{color:#69727d;border:3px solid;background-color:transparent}.elementor-widget-text-editor:not(.elementor-drop-cap-view-default) .elementor-drop-cap{margin-top:8px}.elementor-widget-text-editor:not(.elementor-drop-cap-view-default) .elementor-drop-cap-letter{width:1em;height:1em}.elementor-widget-text-editor .elementor-drop-cap{float:left;text-align:center;line-height:1;font-size:50px}.elementor-widget-text-editor .elementor-drop-cap-letter{display:inline-block}<\/style>\t\t\t\t<h2 data-pm-slice=\"1 1 []\">Qu&rsquo;est-ce que la labiaplastie ?<\/h2>\n<p>La labiaplastie est une intervention chirurgicale qui consiste \u00e0 remodeler ou \u00e0 r\u00e9duire les petites l\u00e8vres (les plis int\u00e9rieurs de la vulve) ou, dans certains cas, les grandes l\u00e8vres (les plis ext\u00e9rieurs). Il s&rsquo;agit de l&rsquo;une des interventions les plus courantes en gyn\u00e9cologie esth\u00e9tique et elle est pratiqu\u00e9e pour des raisons \u00e0 la fois fonctionnelles et esth\u00e9tiques. Bien qu&rsquo;elle soit souvent associ\u00e9e \u00e0 l&rsquo;am\u00e9lioration de l&rsquo;apparence de la zone g\u00e9nitale, la labiaplastie peut \u00e9galement rem\u00e9dier \u00e0 l&rsquo;inconfort physique et am\u00e9liorer la qualit\u00e9 de vie.  <\/p>\n<h2>Pourquoi les femmes envisagent-elles une labiaplastie ?<\/h2>\n<p>Plusieurs raisons peuvent inciter les femmes \u00e0 recourir \u00e0 la labiaplastie, notamment<\/p>\n<ul data-spread=\"false\">\n<li>\n<p><strong>G\u00eane physique<\/strong>: Des l\u00e8vres hypertrophi\u00e9es ou asym\u00e9triques peuvent provoquer des irritations, des frottements ou des douleurs lors d&rsquo;activit\u00e9s physiques telles que le cyclisme, la course \u00e0 pied ou les rapports sexuels.<\/p>\n<\/li>\n<li>\n<p><strong>Probl\u00e8mes esth\u00e9tiques<\/strong>: Certaines femmes sont g\u00ean\u00e9es par l&rsquo;apparence de leurs l\u00e8vres, ce qui les am\u00e8ne \u00e0 envisager une intervention chirurgicale pour en am\u00e9liorer la sym\u00e9trie ou en r\u00e9duire la taille.<\/p>\n<\/li>\n<li>\n<p><strong>Changements apr\u00e8s l&rsquo;accouchement<\/strong>: L&rsquo;accouchement par voie vaginale peut modifier l&rsquo;aspect des l\u00e8vres, en provoquant des \u00e9tirements, des d\u00e9chirures ou des cicatrices. La labiaplastie peut aider \u00e0 retrouver l&rsquo;apparence d&rsquo;avant la grossesse. <\/p>\n<\/li>\n<li>\n<p><strong>Changements li\u00e9s au vieillissement<\/strong>: Avec le temps, les fluctuations hormonales et le vieillissement naturel peuvent entra\u00eener des modifications de la taille, de la forme ou de l&rsquo;\u00e9lasticit\u00e9 des l\u00e8vres, ce qui incite certaines femmes \u00e0 recourir \u00e0 la chirurgie corrective.<\/p>\n<\/li>\n<\/ul>\n<div id=\"simple-translate\" class=\"simple-translate-system-theme\">\n<div>\n<div class=\"simple-translate-button isShow\" style=\"background-image: url('chrome-extension:\/\/ibplnjkanclpjokhdolnendpplpjiace\/icons\/512.png'); height: 22px; width: 22px; top: 325px; left: 210px;\"> <\/div>\n<div class=\"simple-translate-panel \" style=\"width: 300px; height: 200px; top: 0px; left: 0px; font-size: 13px;\">\n<div class=\"simple-translate-result-wrapper\" style=\"overflow: hidden;\">\n<div class=\"simple-translate-move\" draggable=\"true\"> <\/div>\n<div class=\"simple-translate-result-contents\">\n<p class=\"simple-translate-result\" dir=\"auto\">\n<p class=\"simple-translate-candidate\" dir=\"auto\">\n<\/div>\n<\/div>\n<\/div>\n<\/div>\n<\/div>\n\t\t\t\t\t\t<\/div>\n\t\t\t\t<\/div>\n\t\t\t\t<div class=\"elementor-element elementor-element-c902cf2 elementor-widget elementor-widget-image\" data-id=\"c902cf2\" data-element_type=\"widget\" data-widget_type=\"image.default\">\n\t\t\t\t<div class=\"elementor-widget-container\">\n\t\t\t<style>\/*! elementor - v3.22.0 - 26-06-2024 *\/\n.elementor-widget-image{text-align:center}.elementor-widget-image a{display:inline-block}.elementor-widget-image a img[src$=\".svg\"]{width:48px}.elementor-widget-image img{vertical-align:middle;display:inline-block}<\/style>\t\t\t\t\t\t\t\t\t\t<img fetchpriority=\"high\" decoding=\"async\" width=\"800\" height=\"480\" src=\"https:\/\/mlavglodfhxh.i.optimole.com\/cb:NNdJ.5778a\/w:1024\/h:614\/q:mauto\/f:best\/https:\/\/turkeylabiaplasty.com\/wp-content\/uploads\/2025\/02\/labiaplasty-istanbul-price-img.jpg\" class=\"attachment-large size-large wp-image-10378\" alt=\"\" srcset=\"https:\/\/mlavglodfhxh.i.optimole.com\/cb:NNdJ.5778a\/w:1024\/h:614\/q:mauto\/f:best\/https:\/\/turkeylabiaplasty.com\/wp-content\/uploads\/2025\/02\/labiaplasty-istanbul-price-img.jpg 1024w, https:\/\/mlavglodfhxh.i.optimole.com\/cb:NNdJ.5778a\/w:300\/h:180\/q:mauto\/f:best\/https:\/\/turkeylabiaplasty.com\/wp-content\/uploads\/2025\/02\/labiaplasty-istanbul-price-img.jpg 300w, https:\/\/mlavglodfhxh.i.optimole.com\/cb:NNdJ.5778a\/w:768\/h:461\/q:mauto\/f:best\/https:\/\/turkeylabiaplasty.com\/wp-content\/uploads\/2025\/02\/labiaplasty-istanbul-price-img.jpg 768w, https:\/\/mlavglodfhxh.i.optimole.com\/cb:NNdJ.5778a\/w:auto\/h:auto\/q:mauto\/f:best\/https:\/\/turkeylabiaplasty.com\/wp-content\/uploads\/2025\/02\/labiaplasty-istanbul-price-img.jpg 1280w\" sizes=\"(max-width: 800px) 100vw, 800px\" \/>\t\t\t\t\t\t\t\t\t\t\t\t\t<\/div>\n\t\t\t\t<\/div>\n\t\t\t\t<div class=\"elementor-element elementor-element-cf5486d elementor-widget elementor-widget-text-editor\" data-id=\"cf5486d\" data-element_type=\"widget\" data-widget_type=\"text-editor.default\">\n\t\t\t\t<div class=\"elementor-widget-container\">\n\t\t\t\t\t\t\t<h2>Comment se d\u00e9roule la labiaplastie ?<\/h2>\n<p>La labiaplastie est g\u00e9n\u00e9ralement r\u00e9alis\u00e9e sous anesth\u00e9sie locale ou g\u00e9n\u00e9rale, en fonction de la complexit\u00e9 de l&rsquo;intervention et des pr\u00e9f\u00e9rences de la patiente. Plusieurs techniques sont utilis\u00e9es, notamment <\/p>\n<ul data-spread=\"false\">\n<li>\n<p><strong>Technique d&rsquo;\u00e9pilation<\/strong>: Cette technique consiste \u00e0 retirer l&rsquo;exc\u00e8s de tissu le long du bord des l\u00e8vres, ce qui donne un aspect plus net et plus sym\u00e9trique.<\/p>\n<\/li>\n<li>\n<p><strong>Technique du coin<\/strong>: Cette m\u00e9thode consiste \u00e0 retirer une portion de tissu en forme de coin des l\u00e8vres tout en pr\u00e9servant le bord naturel, ce qui donne un aspect plus naturel.<\/p>\n<\/li>\n<li>\n<p><strong>R\u00e9duction composite<\/strong>: Une combinaison de techniques peut \u00eatre utilis\u00e9e pour traiter \u00e0 la fois les petites et les grandes l\u00e8vres si n\u00e9cessaire.<\/p>\n<\/li>\n<\/ul>\n<p>L&rsquo;intervention dure g\u00e9n\u00e9ralement une \u00e0 deux heures et les patients peuvent rentrer chez eux le jour m\u00eame.<\/p>\n<h2>R\u00e9tablissement et postcure<\/h2>\n<p>Le r\u00e9tablissement apr\u00e8s une labiaplastie est g\u00e9n\u00e9ralement simple, mais il est essentiel d&rsquo;assurer des soins postop\u00e9ratoires appropri\u00e9s pour garantir une gu\u00e9rison optimale. Les points cl\u00e9s sont les suivants : <\/p>\n<ul data-spread=\"false\">\n<li>\n<p><strong>Restrictions en mati\u00e8re de repos et d&rsquo;activit\u00e9<\/strong>: Il est conseill\u00e9 aux patients d&rsquo;\u00e9viter les activit\u00e9s intenses, le port de charges lourdes et les rapports sexuels pendant les 4 \u00e0 6 semaines suivant l&rsquo;op\u00e9ration.<\/p>\n<\/li>\n<li>\n<p><strong>Gestion de la douleur<\/strong>: Une l\u00e9g\u00e8re g\u00eane, un gonflement et des ecchymoses sont normaux apr\u00e8s l&rsquo;intervention et peuvent \u00eatre trait\u00e9s avec des m\u00e9dicaments prescrits et des compresses froides.<\/p>\n<\/li>\n<li>\n<p><strong>Hygi\u00e8ne<\/strong>: Il est essentiel de garder la zone op\u00e9ratoire propre et s\u00e8che pour pr\u00e9venir les infections. Les patients doivent suivre les instructions de leur chirurgien en ce qui concerne le bain et l&rsquo;utilisation de pommades topiques. <\/p>\n<\/li>\n<\/ul>\n<h2>Risques et complications potentiels<\/h2>\n<p>Comme toute intervention chirurgicale, la labiaplastie comporte certains risques :<\/p>\n<ul data-spread=\"false\">\n<li>\n<p><strong>Infection<\/strong>: Des soins postop\u00e9ratoires appropri\u00e9s minimisent ce risque.<\/p>\n<\/li>\n<li>\n<p><strong>Cicatrices<\/strong>: Bien que cela soit rare, certains patients peuvent pr\u00e9senter des cicatrices visibles.<\/p>\n<\/li>\n<li>\n<p><strong>Modifications de la sensibilit\u00e9<\/strong>: Un engourdissement ou une sensibilit\u00e9 temporaire peuvent survenir, mais ils disparaissent g\u00e9n\u00e9ralement avec le temps.<\/p>\n<\/li>\n<li>\n<p><strong>Asym\u00e9trie<\/strong>: Une asym\u00e9trie mineure peut subsister ou se d\u00e9velopper, ce qui peut n\u00e9cessiter une reprise chirurgicale.<\/p>\n<\/li>\n<\/ul>\n<h2>Avantages psychologiques et \u00e9motionnels<\/h2>\n<p>Au-del\u00e0 des am\u00e9liorations physiques, la labiaplastie peut avoir un impact profond sur l&rsquo;estime de soi et la confiance en soi. De nombreuses patientes d\u00e9clarent se sentir plus \u00e0 l&rsquo;aise dans leur peau et \u00e9prouver une plus grande satisfaction dans leur vie quotidienne et leurs relations intimes. <\/p>\n<h2>Qui est un bon candidat \u00e0 la labiaplastie ?<\/h2>\n<p>Le candidat id\u00e9al pour une labiaplastie est une personne en bonne sant\u00e9 qui :<\/p>\n<ul data-spread=\"false\">\n<li>\n<p>\u00e9prouve de la g\u00eane ou de l&#8217;embarras par rapport \u00e0 l&rsquo;apparence de ses l\u00e8vres.<\/p>\n<\/li>\n<li>\n<p>a des attentes r\u00e9alistes quant aux r\u00e9sultats de la proc\u00e9dure.<\/p>\n<\/li>\n<li>\n<p>n&rsquo;est pas enceinte ou n&rsquo;envisage pas de l&rsquo;\u00eatre dans l&rsquo;imm\u00e9diat.<\/p>\n<\/li>\n<\/ul>\n<p>La labiaplastie est une intervention s\u00fbre et efficace qui peut r\u00e9pondre \u00e0 toute une s\u00e9rie de probl\u00e8mes fonctionnels et esth\u00e9tiques. Qu&rsquo;elles soient motiv\u00e9es par une g\u00eane physique ou par le d\u00e9sir de se sentir plus s\u00fbres d&rsquo;elles, les femmes qui envisagent cette intervention doivent consulter un chirurgien qualifi\u00e9 et exp\u00e9riment\u00e9. Une communication ouverte et une compr\u00e9hension approfondie des avantages et des limites de l&rsquo;intervention sont essentielles pour obtenir des r\u00e9sultats satisfaisants.  <\/p>\n<div id=\"simple-translate\" class=\"simple-translate-system-theme\">\n<div>\n<div class=\"simple-translate-button isShow\" style=\"background-image: url('chrome-extension:\/\/ibplnjkanclpjokhdolnendpplpjiace\/icons\/512.png'); height: 22px; width: 22px; top: 94px; left: 206px;\"> <\/div>\n<div class=\"simple-translate-panel \" style=\"width: 300px; height: 200px; top: 0px; left: 0px; font-size: 13px;\">\n<div class=\"simple-translate-result-wrapper\" style=\"overflow: hidden;\">\n<div class=\"simple-translate-move\" draggable=\"true\"> <\/div>\n<div class=\"simple-translate-result-contents\">\n<p class=\"simple-translate-result\" dir=\"auto\">\n<p class=\"simple-translate-candidate\" dir=\"auto\">\n<\/div>\n<\/div>\n<\/div>\n<\/div>\n<\/div>\n\t\t\t\t\t\t<\/div>\n\t\t\t\t<\/div>\n\t\t\t\t\t<\/div>\n\t\t<\/div>\n\t\t\t\t<div class=\"elementor-column elementor-col-33 elementor-top-column elementor-element elementor-element-a8a5134\" data-id=\"a8a5134\" data-element_type=\"column\">\n\t\t\t<div class=\"elementor-widget-wrap elementor-element-populated\">\n\t\t\t\t\t\t<div class=\"elementor-element elementor-element-5faceba iletisim-box elementor-flip-box--effect-flip elementor-flip-box--direction-up elementor-widget elementor-widget-flip-box\" data-id=\"5faceba\" data-element_type=\"widget\" data-settings=\"{&quot;sticky&quot;:&quot;top&quot;,&quot;sticky_on&quot;:[&quot;desktop&quot;],&quot;sticky_offset&quot;:210,&quot;sticky_parent&quot;:&quot;yes&quot;,&quot;sticky_effects_offset&quot;:0}\" data-widget_type=\"flip-box.default\">\n\t\t\t\t<div class=\"elementor-widget-container\">\n\t\t\t<link rel=\"stylesheet\" href=\"https:\/\/turkeyhymenoplasty.com\/wp-content\/plugins\/elementor-pro\/assets\/css\/widget-flip-box.min.css\">\t\t<div class=\"elementor-flip-box\" tabindex=\"0\">\n\t\t\t<div class=\"elementor-flip-box__layer elementor-flip-box__front\">\n\t\t\t\t<div class=\"elementor-flip-box__layer__overlay\">\n\t\t\t\t\t<div class=\"elementor-flip-box__layer__inner\">\n\t\t\t\t\t\t\t\t\t\t\t\t\t<div class=\"elementor-icon-wrapper elementor-view-default\">\n\t\t\t\t\t\t\t\t<div class=\"elementor-icon\">\n\t\t\t\t\t\t\t\t\t<svg class=\"e-font-icon-svg e-far-calendar-check\" viewBox=\"0 0 448 512\" xmlns=\"http:\/\/www.w3.org\/2000\/svg\"><path d=\"M400 64h-48V12c0-6.627-5.373-12-12-12h-40c-6.627 0-12 5.373-12 12v52H160V12c0-6.627-5.373-12-12-12h-40c-6.627 0-12 5.373-12 12v52H48C21.49 64 0 85.49 0 112v352c0 26.51 21.49 48 48 48h352c26.51 0 48-21.49 48-48V112c0-26.51-21.49-48-48-48zm-6 400H54a6 6 0 0 1-6-6V160h352v298a6 6 0 0 1-6 6zm-52.849-200.65L198.842 404.519c-4.705 4.667-12.303 4.637-16.971-.068l-75.091-75.699c-4.667-4.705-4.637-12.303.068-16.971l22.719-22.536c4.705-4.667 12.303-4.637 16.97.069l44.104 44.461 111.072-110.181c4.705-4.667 12.303-4.637 16.971.068l22.536 22.718c4.667 4.705 4.636 12.303-.069 16.97z\"><\/path><\/svg>\t\t\t\t\t\t\t\t<\/div>\n\t\t\t\t\t\t\t<\/div>\n\t\t\t\t\t\t\n\t\t\t\t\t\t\t\t\t\t\t\t\t<h3 class=\"elementor-flip-box__layer__title\">\n\t\t\t\t\t\t\t\tPrendre rendez-vous\t\t\t\t\t\t\t<\/h3>\n\t\t\t\t\t\t\n\t\t\t\t\t\t\t\t\t\t\t\t\t<div class=\"elementor-flip-box__layer__description\">\n\t\t\t\t\t\t\t\tContactez-nous pour plus d'informations ou pour prendre un rendez-vous\t\t\t\t\t\t\t<\/div>\n\t\t\t\t\t\t\t\t\t\t\t<\/div>\n\t\t\t\t<\/div>\n\t\t\t<\/div>\n\t\t\t<div class=\"elementor-flip-box__layer elementor-flip-box__back\">\n\t\t\t<div class=\"elementor-flip-box__layer__overlay\">\n\t\t\t\t<div class=\"elementor-flip-box__layer__inner\">\n\t\t\t\t\t\n\t\t\t\t\t\t\t\t\t\t\t<div class=\"elementor-flip-box__layer__description\">\n\t\t\t\t\t\t\tVous pouvez nous contacter par t\u00e9l\u00e9phone, par courrier \u00e9lectronique ou nous rendre visite.\t\t\t\t\t\t<\/div>\n\t\t\t\t\t\n\t\t\t\t\t\t\t\t\t\t\t<a class=\"elementor-flip-box__button elementor-button elementor-size-md\" href=\"https:\/\/turkeyhymenoplasty.com\/fr\/contactez-nous\/\">\n\t\t\t\t\t\t\tContact\t\t\t\t\t\t<\/a>\n\t\t\t\t\t\t\t\t<\/div>\n\t\t<\/div>\n\t\t<\/div>\n\t\t<\/div>\n\t\t\t\t<\/div>\n\t\t\t\t<\/div>\n\t\t\t\t\t<\/div>\n\t\t<\/div>\n\t\t\t\t\t<\/div>\n\t\t<\/section>\n\t\t\t\t<\/div>\n\t\t","protected":false},"excerpt":{"rendered":"<p>Qu&rsquo;est-ce que la labiaplastie ? La labiaplastie est une intervention chirurgicale qui consiste \u00e0 remodeler ou \u00e0 r\u00e9duire les petites l\u00e8vres (les plis int\u00e9rieurs de la vulve) ou, dans certains cas, les grandes l\u00e8vres (les plis ext\u00e9rieurs). Il s&rsquo;agit de l&rsquo;une des interventions les plus courantes en gyn\u00e9cologie esth\u00e9tique et elle est pratiqu\u00e9e pour des [&hellip;]<\/p>\n","protected":false},"author":1,"featured_media":0,"parent":0,"menu_order":0,"comment_status":"closed","ping_status":"closed","template":"template\/template-home.php","meta":{"footnotes":""},"yoast_head":"<!-- This site is optimized with the Yoast SEO plugin v23.0 - https:\/\/yoast.com\/wordpress\/plugins\/seo\/ -->\n<title>Qu&#039;est-ce que la labiastase ? - Turkey Labiaplasty<\/title>\n<meta name=\"robots\" content=\"index, follow, max-snippet:-1, max-image-preview:large, max-video-preview:-1\" \/>\n<link rel=\"canonical\" href=\"https:\/\/turkeylabiaplasty.com\/what-is-labiaplasty\/\" \/>\n<meta property=\"og:locale\" content=\"fr_FR\" \/>\n<meta property=\"og:type\" content=\"article\" \/>\n<meta property=\"og:title\" content=\"Qu&#039;est-ce que la labiastase ? - Turkey Labiaplasty\" \/>\n<meta property=\"og:description\" content=\"Qu&rsquo;est-ce que la labiaplastie ? La labiaplastie est une intervention chirurgicale qui consiste \u00e0 remodeler ou \u00e0 r\u00e9duire les petites l\u00e8vres (les plis int\u00e9rieurs de la vulve) ou, dans certains cas, les grandes l\u00e8vres (les plis ext\u00e9rieurs). Il s&rsquo;agit de l&rsquo;une des interventions les plus courantes en gyn\u00e9cologie esth\u00e9tique et elle est pratiqu\u00e9e pour des [&hellip;]\" \/>\n<meta property=\"og:url\" content=\"https:\/\/turkeylabiaplasty.com\/what-is-labiaplasty\/\" \/>\n<meta property=\"og:site_name\" content=\"Turkey Labiaplasty\" \/>\n<meta property=\"article:modified_time\" content=\"2025-03-06T07:42:59+00:00\" \/>\n<meta property=\"og:image\" content=\"https:\/\/mlavglodfhxh.i.optimole.com\/cb:NNdJ.5778a\/w:auto\/h:auto\/q:mauto\/f:best\/https:\/\/turkeyhymenoplasty.com\/wp-content\/uploads\/2025\/02\/labiaplasty-istanbul-price-img-1024x614.jpg\" \/>\n<meta name=\"twitter:card\" content=\"summary_large_image\" \/>\n<meta name=\"twitter:label1\" content=\"Dur\u00e9e de lecture estim\u00e9e\" \/>\n\t<meta name=\"twitter:data1\" content=\"4 minutes\" \/>\n<script type=\"application\/ld+json\" class=\"yoast-schema-graph\">{\"@context\":\"https:\/\/schema.org\",\"@graph\":[{\"@type\":\"WebPage\",\"@id\":\"https:\/\/turkeylabiaplasty.com\/what-is-labiaplasty\/\",\"url\":\"https:\/\/turkeylabiaplasty.com\/what-is-labiaplasty\/\",\"name\":\"Qu'est-ce que la labiastase ? - Turkey Labiaplasty\",\"isPartOf\":{\"@id\":\"https:\/\/turkeylabiaplasty.com\/#website\"},\"primaryImageOfPage\":{\"@id\":\"https:\/\/turkeylabiaplasty.com\/what-is-labiaplasty\/#primaryimage\"},\"image\":{\"@id\":\"https:\/\/turkeylabiaplasty.com\/what-is-labiaplasty\/#primaryimage\"},\"thumbnailUrl\":\"https:\/\/mlavglodfhxh.i.optimole.com\/cb:NNdJ.5778a\/w:auto\/h:auto\/q:mauto\/f:best\/https:\/\/turkeyhymenoplasty.com\/wp-content\/uploads\/2025\/02\/labiaplasty-istanbul-price-img-1024x614.jpg\",\"datePublished\":\"2022-06-14T10:31:51+00:00\",\"dateModified\":\"2025-03-06T07:42:59+00:00\",\"breadcrumb\":{\"@id\":\"https:\/\/turkeylabiaplasty.com\/what-is-labiaplasty\/#breadcrumb\"},\"inLanguage\":\"fr-FR\",\"potentialAction\":[{\"@type\":\"ReadAction\",\"target\":[\"https:\/\/turkeylabiaplasty.com\/what-is-labiaplasty\/\"]}]},{\"@type\":\"ImageObject\",\"inLanguage\":\"fr-FR\",\"@id\":\"https:\/\/turkeylabiaplasty.com\/what-is-labiaplasty\/#primaryimage\",\"url\":\"https:\/\/mlavglodfhxh.i.optimole.com\/cb:NNdJ.5778a\/w:auto\/h:auto\/q:mauto\/f:best\/https:\/\/turkeyhymenoplasty.com\/wp-content\/uploads\/2025\/02\/labiaplasty-istanbul-price-img-1024x614.jpg\",\"contentUrl\":\"https:\/\/mlavglodfhxh.i.optimole.com\/cb:NNdJ.5778a\/w:auto\/h:auto\/q:mauto\/f:best\/https:\/\/turkeyhymenoplasty.com\/wp-content\/uploads\/2025\/02\/labiaplasty-istanbul-price-img-1024x614.jpg\"},{\"@type\":\"BreadcrumbList\",\"@id\":\"https:\/\/turkeylabiaplasty.com\/what-is-labiaplasty\/#breadcrumb\",\"itemListElement\":[{\"@type\":\"ListItem\",\"position\":1,\"name\":\"Home\",\"item\":\"https:\/\/turkeylabiaplasty.com\/\"},{\"@type\":\"ListItem\",\"position\":2,\"name\":\"Qu&#8217;est-ce que la labiastase ?\"}]},{\"@type\":\"WebSite\",\"@id\":\"https:\/\/turkeylabiaplasty.com\/#website\",\"url\":\"https:\/\/turkeylabiaplasty.com\/\",\"name\":\"Turkey Labiaplasty\",\"description\":\"What Is Labiaplasty\",\"publisher\":{\"@id\":\"https:\/\/turkeylabiaplasty.com\/#organization\"},\"potentialAction\":[{\"@type\":\"SearchAction\",\"target\":{\"@type\":\"EntryPoint\",\"urlTemplate\":\"https:\/\/turkeylabiaplasty.com\/?s={search_term_string}\"},\"query-input\":\"required name=search_term_string\"}],\"inLanguage\":\"fr-FR\"},{\"@type\":\"Organization\",\"@id\":\"https:\/\/turkeylabiaplasty.com\/#organization\",\"name\":\"Linest Clinic\",\"url\":\"https:\/\/turkeylabiaplasty.com\/\",\"logo\":{\"@type\":\"ImageObject\",\"inLanguage\":\"fr-FR\",\"@id\":\"https:\/\/turkeylabiaplasty.com\/#\/schema\/logo\/image\/\",\"url\":\"https:\/\/mlavglodfhxh.i.optimole.com\/cb:NNdJ.5778a\/w:auto\/h:auto\/q:mauto\/f:best\/https:\/\/turkeyhymenoplasty.com\/wp-content\/uploads\/2019\/08\/LINEST.png\",\"contentUrl\":\"https:\/\/mlavglodfhxh.i.optimole.com\/cb:NNdJ.5778a\/w:auto\/h:auto\/q:mauto\/f:best\/https:\/\/turkeyhymenoplasty.com\/wp-content\/uploads\/2019\/08\/LINEST.png\",\"width\":4897,\"height\":1043,\"caption\":\"Linest Clinic\"},\"image\":{\"@id\":\"https:\/\/turkeylabiaplasty.com\/#\/schema\/logo\/image\/\"}}]}<\/script>\n<!-- \/ Yoast SEO plugin. -->","yoast_head_json":{"title":"Qu'est-ce que la labiastase ? - Turkey Labiaplasty","robots":{"index":"index","follow":"follow","max-snippet":"max-snippet:-1","max-image-preview":"max-image-preview:large","max-video-preview":"max-video-preview:-1"},"canonical":"https:\/\/turkeylabiaplasty.com\/what-is-labiaplasty\/","og_locale":"fr_FR","og_type":"article","og_title":"Qu'est-ce que la labiastase ? - Turkey Labiaplasty","og_description":"Qu&rsquo;est-ce que la labiaplastie ? La labiaplastie est une intervention chirurgicale qui consiste \u00e0 remodeler ou \u00e0 r\u00e9duire les petites l\u00e8vres (les plis int\u00e9rieurs de la vulve) ou, dans certains cas, les grandes l\u00e8vres (les plis ext\u00e9rieurs). Il s&rsquo;agit de l&rsquo;une des interventions les plus courantes en gyn\u00e9cologie esth\u00e9tique et elle est pratiqu\u00e9e pour des [&hellip;]","og_url":"https:\/\/turkeylabiaplasty.com\/what-is-labiaplasty\/","og_site_name":"Turkey Labiaplasty","article_modified_time":"2025-03-06T07:42:59+00:00","og_image":[{"url":"https:\/\/mlavglodfhxh.i.optimole.com\/cb:NNdJ.5778a\/w:auto\/h:auto\/q:mauto\/f:best\/https:\/\/turkeyhymenoplasty.com\/wp-content\/uploads\/2025\/02\/labiaplasty-istanbul-price-img-1024x614.jpg"}],"twitter_card":"summary_large_image","twitter_misc":{"Dur\u00e9e de lecture estim\u00e9e":"4 minutes"},"schema":{"@context":"https:\/\/schema.org","@graph":[{"@type":"WebPage","@id":"https:\/\/turkeylabiaplasty.com\/what-is-labiaplasty\/","url":"https:\/\/turkeylabiaplasty.com\/what-is-labiaplasty\/","name":"Qu'est-ce que la labiastase ? - Turkey Labiaplasty","isPartOf":{"@id":"https:\/\/turkeylabiaplasty.com\/#website"},"primaryImageOfPage":{"@id":"https:\/\/turkeylabiaplasty.com\/what-is-labiaplasty\/#primaryimage"},"image":{"@id":"https:\/\/turkeylabiaplasty.com\/what-is-labiaplasty\/#primaryimage"},"thumbnailUrl":"https:\/\/mlavglodfhxh.i.optimole.com\/cb:NNdJ.5778a\/w:auto\/h:auto\/q:mauto\/f:best\/https:\/\/turkeyhymenoplasty.com\/wp-content\/uploads\/2025\/02\/labiaplasty-istanbul-price-img-1024x614.jpg","datePublished":"2022-06-14T10:31:51+00:00","dateModified":"2025-03-06T07:42:59+00:00","breadcrumb":{"@id":"https:\/\/turkeylabiaplasty.com\/what-is-labiaplasty\/#breadcrumb"},"inLanguage":"fr-FR","potentialAction":[{"@type":"ReadAction","target":["https:\/\/turkeylabiaplasty.com\/what-is-labiaplasty\/"]}]},{"@type":"ImageObject","inLanguage":"fr-FR","@id":"https:\/\/turkeylabiaplasty.com\/what-is-labiaplasty\/#primaryimage","url":"https:\/\/mlavglodfhxh.i.optimole.com\/cb:NNdJ.5778a\/w:auto\/h:auto\/q:mauto\/f:best\/https:\/\/turkeyhymenoplasty.com\/wp-content\/uploads\/2025\/02\/labiaplasty-istanbul-price-img-1024x614.jpg","contentUrl":"https:\/\/mlavglodfhxh.i.optimole.com\/cb:NNdJ.5778a\/w:auto\/h:auto\/q:mauto\/f:best\/https:\/\/turkeyhymenoplasty.com\/wp-content\/uploads\/2025\/02\/labiaplasty-istanbul-price-img-1024x614.jpg"},{"@type":"BreadcrumbList","@id":"https:\/\/turkeylabiaplasty.com\/what-is-labiaplasty\/#breadcrumb","itemListElement":[{"@type":"ListItem","position":1,"name":"Home","item":"https:\/\/turkeylabiaplasty.com\/"},{"@type":"ListItem","position":2,"name":"Qu&#8217;est-ce que la labiastase ?"}]},{"@type":"WebSite","@id":"https:\/\/turkeylabiaplasty.com\/#website","url":"https:\/\/turkeylabiaplasty.com\/","name":"Turkey Labiaplasty","description":"What Is Labiaplasty","publisher":{"@id":"https:\/\/turkeylabiaplasty.com\/#organization"},"potentialAction":[{"@type":"SearchAction","target":{"@type":"EntryPoint","urlTemplate":"https:\/\/turkeylabiaplasty.com\/?s={search_term_string}"},"query-input":"required name=search_term_string"}],"inLanguage":"fr-FR"},{"@type":"Organization","@id":"https:\/\/turkeylabiaplasty.com\/#organization","name":"Linest Clinic","url":"https:\/\/turkeylabiaplasty.com\/","logo":{"@type":"ImageObject","inLanguage":"fr-FR","@id":"https:\/\/turkeylabiaplasty.com\/#\/schema\/logo\/image\/","url":"https:\/\/mlavglodfhxh.i.optimole.com\/cb:NNdJ.5778a\/w:auto\/h:auto\/q:mauto\/f:best\/https:\/\/turkeyhymenoplasty.com\/wp-content\/uploads\/2019\/08\/LINEST.png","contentUrl":"https:\/\/mlavglodfhxh.i.optimole.com\/cb:NNdJ.5778a\/w:auto\/h:auto\/q:mauto\/f:best\/https:\/\/turkeyhymenoplasty.com\/wp-content\/uploads\/2019\/08\/LINEST.png","width":4897,"height":1043,"caption":"Linest Clinic"},"image":{"@id":"https:\/\/turkeylabiaplasty.com\/#\/schema\/logo\/image\/"}}]}},"_links":{"self":[{"href":"https:\/\/turkeylabiaplasty.com\/fr\/wp-json\/wp\/v2\/pages\/9468"}],"collection":[{"href":"https:\/\/turkeylabiaplasty.com\/fr\/wp-json\/wp\/v2\/pages"}],"about":[{"href":"https:\/\/turkeylabiaplasty.com\/fr\/wp-json\/wp\/v2\/types\/page"}],"author":[{"embeddable":true,"href":"https:\/\/turkeylabiaplasty.com\/fr\/wp-json\/wp\/v2\/users\/1"}],"replies":[{"embeddable":true,"href":"https:\/\/turkeylabiaplasty.com\/fr\/wp-json\/wp\/v2\/comments?post=9468"}],"version-history":[{"count":6,"href":"https:\/\/turkeylabiaplasty.com\/fr\/wp-json\/wp\/v2\/pages\/9468\/revisions"}],"predecessor-version":[{"id":10905,"href":"https:\/\/turkeylabiaplasty.com\/fr\/wp-json\/wp\/v2\/pages\/9468\/revisions\/10905"}],"wp:attachment":[{"href":"https:\/\/turkeylabiaplasty.com\/fr\/wp-json\/wp\/v2\/media?parent=9468"}],"curies":[{"name":"wp","href":"https:\/\/api.w.org\/{rel}","templated":true}]}}